{"id":1145,"date":"2025-11-27T13:22:54","date_gmt":"2025-11-27T12:22:54","guid":{"rendered":"https:\/\/industrial.wauweb.sk\/montage-von-photovoltaikanlagen\/"},"modified":"2025-12-05T09:05:36","modified_gmt":"2025-12-05T08:05:36","slug":"installation-von-photovoltaikanlagen","status":"publish","type":"page","link":"https:\/\/industrial.wauweb.sk\/de\/installation-von-photovoltaikanlagen\/","title":{"rendered":"Installation von Photovoltaikanlagen"},"content":{"rendered":"<div id=\"pl-1145\"  class=\"panel-layout\" ><div id=\"pg-1145-0\"  class=\"panel-grid panel-no-style\" ><div id=\"pgc-1145-0-0\"  class=\"panel-grid-cell\" ><div id=\"panel-1145-0-0-0\" class=\"so-panel widget widget_sow-editor panel-first-child panel-last-child\" data-index=\"0\" ><div\n\t\t\t\n\t\t\tclass=\"so-widget-sow-editor so-widget-sow-editor-base\"\n\t\t\t\n\t\t>\n<div class=\"siteorigin-widget-tinymce textwidget\">\n\t<ul>\n<li>So arbeiten wir<\/li>\n<\/ul>\n<\/div>\n<\/div><\/div><\/div><div id=\"pgc-1145-0-1\"  class=\"panel-grid-cell\" ><div id=\"panel-1145-0-1-0\" class=\"so-panel widget widget_sow-editor panel-first-child panel-last-child\" data-index=\"1\" ><div\n\t\t\t\n\t\t\tclass=\"so-widget-sow-editor so-widget-sow-editor-base\"\n\t\t\t\n\t\t>\n<div class=\"siteorigin-widget-tinymce textwidget\">\n\t<h3>Wir sind spezialisiert auf die professionelle Installation von Photovoltaikanlagen f\u00fcr Wohnh\u00e4user und Gewerbebetriebe.<\/h3>\n<p>Wir verwenden moderne Technologien und bew\u00e4hrte Installationsverfahren, die eine hohe Pr\u00e4zision, Zuverl\u00e4ssigkeit und langfristige Effizienz der Solaranlagen gew\u00e4hrleisten \u2013 auch bei anspruchsvollen Dachkonstruktionen und gro\u00dfen Anlagen.<\/p>\n<\/div>\n<\/div><\/div><\/div><\/div><div id=\"pg-1145-1\"  class=\"panel-grid panel-no-style\" ><div id=\"pgc-1145-1-0\"  class=\"panel-grid-cell\" ><div id=\"panel-1145-1-0-0\" class=\"so-panel widget widget_sow-editor panel-first-child panel-last-child\" data-index=\"2\" ><div\n\t\t\t\n\t\t\tclass=\"so-widget-sow-editor so-widget-sow-editor-base\"\n\t\t\t\n\t\t>\n<div class=\"siteorigin-widget-tinymce textwidget\">\n\t<hr \/>\n<\/div>\n<\/div><\/div><\/div><\/div><div id=\"pg-1145-2\"  class=\"panel-grid panel-no-style\" ><div id=\"pgc-1145-2-0\"  class=\"panel-grid-cell\" ><div id=\"panel-1145-2-0-0\" class=\"so-panel widget widget_sow-image panel-first-child\" data-index=\"3\" ><div class=\"panel-widget-style panel-widget-style-for-1145-2-0-0\" ><div\n\t\t\t\n\t\t\tclass=\"so-widget-sow-image so-widget-sow-image-default-8b5b6f678277-1145\"\n\t\t\t\n\t\t>\n\n<div class=\"sow-image-container\">\n\t\t<img loading=\"lazy\" decoding=\"async\" src=\"https:\/\/industrial.wauweb.sk\/wp-content\/uploads\/2024\/09\/Group-120.svg\" width=\"33\" height=\"33\" sizes=\"auto, (max-width: 33px) 100vw, 33px\" title=\"Group 120\" alt=\"\" \t\tclass=\"so-widget-image\"\/>\n\t<\/div>\n\n<\/div><\/div><\/div><div id=\"panel-1145-2-0-1\" class=\"so-panel widget widget_sow-editor panel-last-child\" data-index=\"4\" ><div\n\t\t\t\n\t\t\tclass=\"so-widget-sow-editor so-widget-sow-editor-base\"\n\t\t\t\n\t\t>\n<div class=\"siteorigin-widget-tinymce textwidget\">\n\t<h2>Zu unseren Kompetenzen geh\u00f6ren:<\/h2>\n<\/div>\n<\/div><\/div><\/div><div id=\"pgc-1145-2-1\"  class=\"panel-grid-cell\" ><div id=\"panel-1145-2-1-0\" class=\"so-panel widget widget_siteorigin-panels-builder panel-first-child panel-last-child\" data-index=\"5\" ><div class=\"panel-widget-style panel-widget-style-for-1145-2-1-0\" ><div id=\"pl-w693291d121627\"  class=\"panel-layout\" ><div id=\"pg-w693291d121627-0\"  class=\"panel-grid panel-no-style\" ><div id=\"pgc-w693291d121627-0-0\"  class=\"panel-grid-cell\" ><div id=\"panel-w693291d121627-0-0-0\" class=\"so-panel widget widget_sow-editor panel-first-child\" data-index=\"0\" ><div\n\t\t\t\n\t\t\tclass=\"so-widget-sow-editor so-widget-sow-editor-base\"\n\t\t\t\n\t\t>\n<div class=\"siteorigin-widget-tinymce textwidget\">\n\t<h4 style=\"padding-top: 20px;\">Installation von Photovoltaikanlagen<\/h4>\n<p>mit Fokus auf Pr\u00e4zision und Zuverl\u00e4ssigkeit<\/p>\n<h4 style=\"padding-top: 20px;\">Implementierung<\/h4>\n<p>auf verschiedenen Dach- und Konstruktionstypen<\/p>\n<h4 style=\"padding-top: 20px;\">Installation<\/h4>\n<p>von Modulen, Tr\u00e4gersystemen, Kabeln und Wechselrichtern<\/p>\n<h4 style=\"padding-top: 20px;\">Komponenten<\/h4>\n<p>hochwertige Materialien mit langer Lebensdauer \u2013 Aluminium, Edelstahl, verzinkter Stahl<\/p>\n<h4 style=\"padding-top: 20px;\">Individuelle L\u00f6sungen<\/h4>\n<p>f\u00fcr Einfamilienh\u00e4user, Gewerbe- und Industriegeb\u00e4ude<\/p>\n<\/div>\n<\/div><\/div><div id=\"panel-w693291d121627-0-0-1\" class=\"so-panel widget widget_sow-editor panel-last-child\" data-index=\"1\" ><div class=\"panel-widget-style panel-widget-style-for-w693291d121627-0-0-1\" ><div\n\t\t\t\n\t\t\tclass=\"so-widget-sow-editor so-widget-sow-editor-base\"\n\t\t\t\n\t\t>\n<div class=\"siteorigin-widget-tinymce textwidget\">\n\t<p>Bei der Umsetzung jeder Komponente und jedes Montageschritts legen wir besonderen Wert auf Pr\u00e4zision, Qualit\u00e4t und Funktionalit\u00e4t, damit das gesamte Photovoltaiksystem sofort betriebsbereit ist und ohne Kompromisse langfristig funktionieren kann.<\/p>\n<\/div>\n<\/div><\/div><\/div><\/div><div id=\"pgc-w693291d121627-0-1\"  class=\"panel-grid-cell\" ><div id=\"panel-w693291d121627-0-1-0\" class=\"so-panel widget widget_sow-image panel-first-child\" data-index=\"2\" ><div\n\t\t\t\n\t\t\tclass=\"so-widget-sow-image so-widget-sow-image-default-8b5b6f678277\"\n\t\t\t\n\t\t>\n\n<div class=\"sow-image-container\">\n\t\t<img loading=\"lazy\" decoding=\"async\" src=\"https:\/\/industrial.wauweb.sk\/wp-content\/uploads\/2025\/11\/Untitled.jpg\" width=\"1672\" height=\"2048\" srcset=\"https:\/\/industrial.wauweb.sk\/wp-content\/uploads\/2025\/11\/Untitled.jpg 1672w, https:\/\/industrial.wauweb.sk\/wp-content\/uploads\/2025\/11\/Untitled-245x300.jpg 245w, https:\/\/industrial.wauweb.sk\/wp-content\/uploads\/2025\/11\/Untitled-836x1024.jpg 836w\" sizes=\"auto, (max-width: 1672px) 100vw, 1672px\" title=\"Ohne Titel\" alt=\"\" \t\tclass=\"so-widget-image\"\/>\n\t<\/div>\n\n<\/div><\/div><div id=\"panel-w693291d121627-0-1-1\" class=\"so-panel widget widget_sow-editor panel-last-child\" data-index=\"3\" ><div\n\t\t\t\n\t\t\tclass=\"so-widget-sow-editor so-widget-sow-editor-base\"\n\t\t\t\n\t\t>\n<div class=\"siteorigin-widget-tinymce textwidget\">\n\t<p><a class=\"main-btn scroll\" href=\".\/kontakt\/#contact\">Ich bin an Ihren Dienstleistungen interessiert.<\/a><\/p>\n<\/div>\n<\/div><\/div><\/div><\/div><\/div><\/div><\/div><\/div><\/div><div id=\"pg-1145-3\"  class=\"panel-grid panel-no-style\" ><div id=\"pgc-1145-3-0\"  class=\"panel-grid-cell\" ><div id=\"panel-1145-3-0-0\" class=\"so-panel widget widget_sow-editor panel-first-child panel-last-child\" data-index=\"6\" ><div class=\"panel-widget-style panel-widget-style-for-1145-3-0-0\" ><div\n\t\t\t\n\t\t\tclass=\"so-widget-sow-editor so-widget-sow-editor-base\"\n\t\t\t\n\t\t>\n<div class=\"siteorigin-widget-tinymce textwidget\">\n\t<h3>Warum sollten Sie uns kontaktieren?<\/h3>\n<\/div>\n<\/div><\/div><\/div><\/div><\/div><div id=\"pg-1145-4\"  class=\"panel-grid panel-no-style\" ><div id=\"pgc-1145-4-0\"  class=\"panel-grid-cell\" ><div id=\"panel-1145-4-0-0\" class=\"so-panel widget widget_siteorigin-panels-builder panel-first-child panel-last-child\" data-index=\"7\" ><div class=\"panel-widget-style panel-widget-style-for-1145-4-0-0\" ><div id=\"pl-w6931955474e0a\"  class=\"panel-layout\" ><div id=\"pg-w6931955474e0a-0\"  class=\"panel-grid panel-no-style\" ><div id=\"pgc-w6931955474e0a-0-0\"  class=\"panel-grid-cell\" ><div id=\"panel-w6931955474e0a-0-0-0\" class=\"so-panel widget widget_sow-editor panel-first-child panel-last-child\" data-index=\"0\" ><div class=\"panel-widget-style panel-widget-style-for-w6931955474e0a-0-0-0\" ><div\n\t\t\t\n\t\t\tclass=\"so-widget-sow-editor so-widget-sow-editor-base\"\n\t\t\t\n\t\t>\n<div class=\"siteorigin-widget-tinymce textwidget\">\n\t<h2 style=\"color:#fff; margin-bottom: 0 !important\">170+<\/h2>\n<p style=\"color:#fff;\">Geschulte und zertifizierte Mitarbeiterv<\/p>\n<\/div>\n<\/div><\/div><\/div><\/div><\/div><div id=\"pg-w6931955474e0a-1\"  class=\"panel-grid panel-no-style\" ><div id=\"pgc-w6931955474e0a-1-0\"  class=\"panel-grid-cell\" ><div id=\"panel-w6931955474e0a-1-0-0\" class=\"so-panel widget widget_sow-editor panel-first-child panel-last-child\" data-index=\"1\" ><div class=\"panel-widget-style panel-widget-style-for-w6931955474e0a-1-0-0\" ><div\n\t\t\t\n\t\t\tclass=\"so-widget-sow-editor so-widget-sow-editor-base\"\n\t\t\t\n\t\t>\n<div class=\"siteorigin-widget-tinymce textwidget\">\n\t<p style=\"color:#fff; margin-top: 0 !important\">Alle unsere Schwei\u00dfer besitzen g\u00fcltige Schwei\u00dferzertifikate und wir verarbeiten alle Materialien, Durchmesser und St\u00e4rken. Unsere Mitarbeiter verf\u00fcgen \u00fcber gute Deutsch- und Englischkenntnisse.<\/p>\n<\/div>\n<\/div><\/div><\/div><\/div><\/div><\/div><\/div><\/div><\/div><div id=\"pgc-1145-4-1\"  class=\"panel-grid-cell\" ><div id=\"panel-1145-4-1-0\" class=\"so-panel widget widget_siteorigin-panels-builder panel-first-child\" data-index=\"8\" ><div class=\"panel-widget-style panel-widget-style-for-1145-4-1-0\" ><div id=\"pl-w69319554756e2\"  class=\"panel-layout\" ><div id=\"pg-w69319554756e2-0\"  class=\"panel-grid panel-no-style\" ><div id=\"pgc-w69319554756e2-0-0\"  class=\"panel-grid-cell panel-grid-cell-empty\" ><\/div><div id=\"pgc-w69319554756e2-0-1\"  class=\"panel-grid-cell\" ><div id=\"panel-w69319554756e2-0-1-0\" class=\"so-panel widget widget_sow-editor panel-first-child panel-last-child\" data-index=\"0\" ><div class=\"panel-widget-style panel-widget-style-for-w69319554756e2-0-1-0\" ><div\n\t\t\t\n\t\t\tclass=\"so-widget-sow-editor so-widget-sow-editor-base\"\n\t\t\t\n\t\t>\n<div class=\"siteorigin-widget-tinymce textwidget\">\n\t<h1 style=\"font-size: 9em; margin: 0px;\">10+<\/h1>\n<p>Langj\u00e4hrige Erfahrung in Projekten f\u00fcr ausl\u00e4ndische Kunden.<\/p>\n<\/div>\n<\/div><\/div><\/div><\/div><\/div><\/div><\/div><\/div><div id=\"panel-1145-4-1-1\" class=\"so-panel widget widget_siteorigin-panels-builder panel-last-child\" data-index=\"9\" ><div id=\"pl-w6931955475b8e\"  class=\"panel-layout\" ><div id=\"pg-w6931955475b8e-0\"  class=\"panel-grid panel-has-style\" ><div class=\"panel-row-style panel-row-style-for-w6931955475b8e-0\" ><div id=\"pgc-w6931955475b8e-0-0\"  class=\"panel-grid-cell\" ><div id=\"panel-w6931955475b8e-0-0-0\" class=\"so-panel widget widget_siteorigin-panels-builder panel-first-child panel-last-child\" data-index=\"0\" ><div id=\"pl-w6931955475b9f\"  class=\"panel-layout\" ><div id=\"pg-w6931955475b9f-0\"  class=\"panel-grid panel-has-style\" ><div class=\"panel-row-style panel-row-style-for-w6931955475b9f-0\" ><div id=\"pgc-w6931955475b9f-0-0\"  class=\"panel-grid-cell\" ><div id=\"panel-w6931955475b9f-0-0-0\" class=\"so-panel widget widget_sow-editor panel-first-child panel-last-child\" data-index=\"0\" ><div\n\t\t\t\n\t\t\tclass=\"so-widget-sow-editor so-widget-sow-editor-base\"\n\t\t\t\n\t\t>\n<div class=\"siteorigin-widget-tinymce textwidget\">\n\t<h2>400+<\/h2>\n<\/div>\n<\/div><\/div><\/div><div id=\"pgc-w6931955475b9f-0-1\"  class=\"panel-grid-cell\" ><div id=\"panel-w6931955475b9f-0-1-0\" class=\"so-panel widget widget_sow-editor panel-first-child panel-last-child\" data-index=\"1\" ><div\n\t\t\t\n\t\t\tclass=\"so-widget-sow-editor so-widget-sow-editor-base\"\n\t\t\t\n\t\t>\n<div class=\"siteorigin-widget-tinymce textwidget\">\n\t<p>Erfolgreich umgesetzte Projekte<\/p>\n<\/div>\n<\/div><\/div><\/div><\/div><\/div><div id=\"pg-w6931955475b9f-1\"  class=\"panel-grid panel-has-style\" ><div class=\"panel-row-style panel-row-style-for-w6931955475b9f-1\" ><div id=\"pgc-w6931955475b9f-1-0\"  class=\"panel-grid-cell\" ><div id=\"panel-w6931955475b9f-1-0-0\" class=\"so-panel widget widget_sow-editor panel-first-child panel-last-child\" data-index=\"2\" ><div\n\t\t\t\n\t\t\tclass=\"so-widget-sow-editor so-widget-sow-editor-base\"\n\t\t\t\n\t\t>\n<div class=\"siteorigin-widget-tinymce textwidget\">\n\t<h2>10+<\/h2>\n<\/div>\n<\/div><\/div><\/div><div id=\"pgc-w6931955475b9f-1-1\"  class=\"panel-grid-cell\" ><div id=\"panel-w6931955475b9f-1-1-0\" class=\"so-panel widget widget_sow-editor panel-first-child panel-last-child\" data-index=\"3\" ><div\n\t\t\t\n\t\t\tclass=\"so-widget-sow-editor so-widget-sow-editor-base\"\n\t\t\t\n\t\t>\n<div class=\"siteorigin-widget-tinymce textwidget\">\n\t<p>Abgedeckte Berufsfelder<\/p>\n<\/div>\n<\/div><\/div><\/div><\/div><\/div><div id=\"pg-w6931955475b9f-2\"  class=\"panel-grid panel-no-style\" ><div id=\"pgc-w6931955475b9f-2-0\"  class=\"panel-grid-cell\" ><div id=\"panel-w6931955475b9f-2-0-0\" class=\"so-panel widget widget_sow-editor panel-first-child panel-last-child\" data-index=\"4\" ><div\n\t\t\t\n\t\t\tclass=\"so-widget-sow-editor so-widget-sow-editor-base\"\n\t\t\t\n\t\t>\n<div class=\"siteorigin-widget-tinymce textwidget\">\n\t<h2>5<\/h2>\n<\/div>\n<\/div><\/div><\/div><div id=\"pgc-w6931955475b9f-2-1\"  class=\"panel-grid-cell\" ><div id=\"panel-w6931955475b9f-2-1-0\" class=\"so-panel widget widget_sow-editor panel-first-child panel-last-child\" data-index=\"5\" ><div\n\t\t\t\n\t\t\tclass=\"so-widget-sow-editor so-widget-sow-editor-base\"\n\t\t\t\n\t\t>\n<div class=\"siteorigin-widget-tinymce textwidget\">\n\t<p>L\u00e4nder, in denen wir t\u00e4tig sind<\/p>\n<\/div>\n<\/div><\/div><\/div><\/div><\/div><\/div><\/div><div id=\"pgc-w6931955475b8e-0-1\"  class=\"panel-grid-cell\" ><div id=\"panel-w6931955475b8e-0-1-0\" class=\"so-panel widget widget_sow-editor panel-first-child panel-last-child\" data-index=\"1\" ><div\n\t\t\t\n\t\t\tclass=\"so-widget-sow-editor so-widget-sow-editor-base\"\n\t\t\t\n\t\t>\n<div class=\"siteorigin-widget-tinymce textwidget\">\n\t<h4>Wir sind stolz darauf, umfassende L\u00f6sungen anzubieten, die auf die Bed\u00fcrfnisse unserer Kunden zugeschnitten sind.<\/h4>\n<p><a class=\"main-btn scroll\" href=\".\/kontakt\/#contact\">Ich bin interessiert.<\/a><\/p>\n<\/div>\n<\/div><\/div><\/div><\/div><\/div><\/div><\/div><\/div><\/div><\/div>","protected":false},"excerpt":{"rendered":"<p>So arbeiten wir Wir sind spezialisiert auf die professionelle Installation von Photovoltaikanlagen f\u00fcr Wohnh\u00e4user und Gewerbebetriebe. Wir verwenden moderne Technologien und bew\u00e4hrte Installationsverfahren, die eine hohe Pr\u00e4zision, Zuverl\u00e4ssigkeit und langfristige Effizienz der Solaranlagen gew\u00e4hrleisten \u2013 auch bei anspruchsvollen Dachkonstruktionen und gro\u00dfen Anlagen.<\/p>\n","protected":false},"author":3,"featured_media":1143,"parent":0,"menu_order":0,"comment_status":"closed","ping_status":"closed","template":"","meta":{"_acf_changed":false,"inline_featured_image":false,"footnotes":""},"class_list":["post-1145","page","type-page","status-publish","has-post-thumbnail","hentry"],"acf":[],"_links":{"self":[{"href":"https:\/\/industrial.wauweb.sk\/de\/wp-json\/wp\/v2\/pages\/1145","targetHints":{"allow":["GET"]}}],"collection":[{"href":"https:\/\/industrial.wauweb.sk\/de\/wp-json\/wp\/v2\/pages"}],"about":[{"href":"https:\/\/industrial.wauweb.sk\/de\/wp-json\/wp\/v2\/types\/page"}],"author":[{"embeddable":true,"href":"https:\/\/industrial.wauweb.sk\/de\/wp-json\/wp\/v2\/users\/3"}],"replies":[{"embeddable":true,"href":"https:\/\/industrial.wauweb.sk\/de\/wp-json\/wp\/v2\/comments?post=1145"}],"version-history":[{"count":5,"href":"https:\/\/industrial.wauweb.sk\/de\/wp-json\/wp\/v2\/pages\/1145\/revisions"}],"predecessor-version":[{"id":1181,"href":"https:\/\/industrial.wauweb.sk\/de\/wp-json\/wp\/v2\/pages\/1145\/revisions\/1181"}],"wp:featuredmedia":[{"embeddable":true,"href":"https:\/\/industrial.wauweb.sk\/de\/wp-json\/wp\/v2\/media\/1143"}],"wp:attachment":[{"href":"https:\/\/industrial.wauweb.sk\/de\/wp-json\/wp\/v2\/media?parent=1145"}],"curies":[{"name":"wp","href":"https:\/\/api.w.org\/{rel}","templated":true}]}}