{"id":1368,"date":"2024-09-18T10:54:15","date_gmt":"2024-09-18T08:54:15","guid":{"rendered":"https:\/\/industrial.wauweb.sk\/trieskove-obrabanie\/"},"modified":"2025-12-05T11:51:04","modified_gmt":"2025-12-05T10:51:04","slug":"spanbearbeitung","status":"publish","type":"page","link":"https:\/\/industrial.wauweb.sk\/de\/spanbearbeitung\/","title":{"rendered":"Spanbearbeitung"},"content":{"rendered":"<div id=\"pl-1368\"  class=\"panel-layout\" ><div id=\"pg-1368-0\"  class=\"panel-grid panel-no-style\" ><div id=\"pgc-1368-0-0\"  class=\"panel-grid-cell\" ><div id=\"panel-1368-0-0-0\" class=\"so-panel widget widget_sow-editor panel-first-child panel-last-child\" data-index=\"0\" ><div\n\t\t\t\n\t\t\tclass=\"so-widget-sow-editor so-widget-sow-editor-base\"\n\t\t\t\n\t\t>\n<div class=\"siteorigin-widget-tinymce textwidget\">\n\t<ul>\n<li>So arbeiten wir<\/li>\n<\/ul>\n<\/div>\n<\/div><\/div><\/div><div id=\"pgc-1368-0-1\"  class=\"panel-grid-cell\" ><div id=\"panel-1368-0-1-0\" class=\"so-panel widget widget_sow-editor panel-first-child panel-last-child\" data-index=\"1\" ><div\n\t\t\t\n\t\t\tclass=\"so-widget-sow-editor so-widget-sow-editor-base\"\n\t\t\t\n\t\t>\n<div class=\"siteorigin-widget-tinymce textwidget\">\n\t<h3>Wir sind spezialisiert auf die hochpr\u00e4zise Bearbeitung von metallischen und nichtmetallischen Werkstoffen.<\/h3>\n<p>Wir verwenden moderne CNC-Technologien, die Wiederholgenauigkeit, Pr\u00e4zision und Effizienz auch bei anspruchsvolleren Geometrien und hohen Produktionsvolumina gew\u00e4hrleisten.<\/p>\n<\/div>\n<\/div><\/div><\/div><\/div><div id=\"pg-1368-1\"  class=\"panel-grid panel-no-style\" ><div id=\"pgc-1368-1-0\"  class=\"panel-grid-cell\" ><div id=\"panel-1368-1-0-0\" class=\"so-panel widget widget_sow-editor panel-first-child panel-last-child\" data-index=\"2\" ><div\n\t\t\t\n\t\t\tclass=\"so-widget-sow-editor so-widget-sow-editor-base\"\n\t\t\t\n\t\t>\n<div class=\"siteorigin-widget-tinymce textwidget\">\n\t<hr \/>\n<\/div>\n<\/div><\/div><\/div><\/div><div id=\"pg-1368-2\"  class=\"panel-grid panel-no-style\" ><div id=\"pgc-1368-2-0\"  class=\"panel-grid-cell\" ><div id=\"panel-1368-2-0-0\" class=\"so-panel widget widget_sow-image panel-first-child\" data-index=\"3\" ><div class=\"panel-widget-style panel-widget-style-for-1368-2-0-0\" ><div\n\t\t\t\n\t\t\tclass=\"so-widget-sow-image so-widget-sow-image-default-8b5b6f678277-1368\"\n\t\t\t\n\t\t>\n\n<div class=\"sow-image-container\">\n\t\t<img loading=\"lazy\" decoding=\"async\" src=\"https:\/\/industrial.wauweb.sk\/wp-content\/uploads\/2024\/09\/Group-120.svg\" width=\"33\" height=\"33\" sizes=\"auto, (max-width: 33px) 100vw, 33px\" title=\"Group 120\" alt=\"\" \t\tclass=\"so-widget-image\"\/>\n\t<\/div>\n\n<\/div><\/div><\/div><div id=\"panel-1368-2-0-1\" class=\"so-panel widget widget_sow-editor panel-last-child\" data-index=\"4\" ><div\n\t\t\t\n\t\t\tclass=\"so-widget-sow-editor so-widget-sow-editor-base\"\n\t\t\t\n\t\t>\n<div class=\"siteorigin-widget-tinymce textwidget\">\n\t<h2>Zu unseren Kompetenzen geh\u00f6ren:<\/h2>\n<\/div>\n<\/div><\/div><\/div><div id=\"pgc-1368-2-1\"  class=\"panel-grid-cell\" ><div id=\"panel-1368-2-1-0\" class=\"so-panel widget widget_siteorigin-panels-builder panel-first-child panel-last-child\" data-index=\"5\" ><div class=\"panel-widget-style panel-widget-style-for-1368-2-1-0\" ><div id=\"pl-w6932b91881af5\"  class=\"panel-layout\" ><div id=\"pg-w6932b91881af5-0\"  class=\"panel-grid panel-no-style\" ><div id=\"pgc-w6932b91881af5-0-0\"  class=\"panel-grid-cell\" ><div id=\"panel-w6932b91881af5-0-0-0\" class=\"so-panel widget widget_sow-editor panel-first-child\" data-index=\"0\" ><div\n\t\t\t\n\t\t\tclass=\"so-widget-sow-editor so-widget-sow-editor-base\"\n\t\t\t\n\t\t>\n<div class=\"siteorigin-widget-tinymce textwidget\">\n\t<h4 style=\"padding-top: 20px;\">CNC-Fr\u00e4sen und -Drehen<\/h4>\n<p>mit hoher Ma\u00dfgenauigkeit<\/p>\n<h4 style=\"padding-top: 20px;\">Bearbeitung <\/h4>\n<p>komplexer Formen, Bohrungen und Gewinde<\/p>\n<h4 style=\"padding-top: 20px;\">Verarbeitung<\/h4>\n<p>von Stahl, Aluminium, Edelstahl, Messing und technischen Kunststoffen<\/p>\n<h4 style=\"padding-top: 20px;\">Fertigung<\/h4>\n<p> von Einzelteilen und Serienkomponenten<\/p>\n<h4 style=\"padding-top: 20px;\">Interne Qualit\u00e4tskontrolle<\/h4>\n<p> w\u00e4hrend und nach der Produktion<\/p>\n<\/div>\n<\/div><\/div><div id=\"panel-w6932b91881af5-0-0-1\" class=\"so-panel widget widget_sow-editor panel-last-child\" data-index=\"1\" ><div class=\"panel-widget-style panel-widget-style-for-w6932b91881af5-0-0-1\" ><div\n\t\t\t\n\t\t\tclass=\"so-widget-sow-editor so-widget-sow-editor-base\"\n\t\t\t\n\t\t>\n<div class=\"siteorigin-widget-tinymce textwidget\">\n\t<p>Unser Ziel ist es, Komponenten zu liefern, die sofort einsatzbereit sind \u2013 schnell, zuverl\u00e4ssig und ohne die Notwendigkeit zus\u00e4tzlicher Modifikationen.<\/p>\n<\/div>\n<\/div><\/div><\/div><\/div><div id=\"pgc-w6932b91881af5-0-1\"  class=\"panel-grid-cell\" ><div id=\"panel-w6932b91881af5-0-1-0\" class=\"so-panel widget widget_sow-image panel-first-child\" data-index=\"2\" ><div\n\t\t\t\n\t\t\tclass=\"so-widget-sow-image so-widget-sow-image-default-8b5b6f678277\"\n\t\t\t\n\t\t>\n\n<div class=\"sow-image-container\">\n\t\t<img loading=\"lazy\" decoding=\"async\" src=\"https:\/\/industrial.wauweb.sk\/wp-content\/uploads\/2025\/04\/cnc-1.jpg\" width=\"1080\" height=\"1324\" srcset=\"https:\/\/industrial.wauweb.sk\/wp-content\/uploads\/2025\/04\/cnc-1.jpg 1080w, https:\/\/industrial.wauweb.sk\/wp-content\/uploads\/2025\/04\/cnc-1-245x300.jpg 245w, https:\/\/industrial.wauweb.sk\/wp-content\/uploads\/2025\/04\/cnc-1-835x1024.jpg 835w\" sizes=\"auto, (max-width: 1080px) 100vw, 1080px\" title=\"cnc\" alt=\"\" \t\tclass=\"so-widget-image\"\/>\n\t<\/div>\n\n<\/div><\/div><div id=\"panel-w6932b91881af5-0-1-1\" class=\"so-panel widget widget_sow-editor panel-last-child\" data-index=\"3\" ><div\n\t\t\t\n\t\t\tclass=\"so-widget-sow-editor so-widget-sow-editor-base\"\n\t\t\t\n\t\t>\n<div class=\"siteorigin-widget-tinymce textwidget\">\n\t<p><a class=\"main-btn scroll\" href=\".\/kontakt\/#contact\">Ich bin an Ihren Dienstleistungen interessiert<\/a><\/p>\n<\/div>\n<\/div><\/div><\/div><\/div><\/div><\/div><\/div><\/div><\/div><div id=\"pg-1368-3\"  class=\"panel-grid panel-no-style\" ><div id=\"pgc-1368-3-0\"  class=\"panel-grid-cell\" ><div id=\"panel-1368-3-0-0\" class=\"so-panel widget widget_sow-editor panel-first-child panel-last-child\" data-index=\"6\" ><div class=\"panel-widget-style panel-widget-style-for-1368-3-0-0\" ><div\n\t\t\t\n\t\t\tclass=\"so-widget-sow-editor so-widget-sow-editor-base\"\n\t\t\t\n\t\t>\n<div class=\"siteorigin-widget-tinymce textwidget\">\n\t<h3>Warum sollten Sie uns kontaktieren?<\/h3>\n<\/div>\n<\/div><\/div><\/div><\/div><\/div><div id=\"pg-1368-4\"  class=\"panel-grid panel-no-style\" ><div id=\"pgc-1368-4-0\"  class=\"panel-grid-cell\" ><div id=\"panel-1368-4-0-0\" class=\"so-panel widget widget_siteorigin-panels-builder panel-first-child panel-last-child\" data-index=\"7\" ><div class=\"panel-widget-style panel-widget-style-for-1368-4-0-0\" ><div id=\"pl-w6931955474e0a\"  class=\"panel-layout\" ><div id=\"pg-w6931955474e0a-0\"  class=\"panel-grid panel-no-style\" ><div id=\"pgc-w6931955474e0a-0-0\"  class=\"panel-grid-cell\" ><div id=\"panel-w6931955474e0a-0-0-0\" class=\"so-panel widget widget_sow-editor panel-first-child panel-last-child\" data-index=\"0\" ><div class=\"panel-widget-style panel-widget-style-for-w6931955474e0a-0-0-0\" ><div\n\t\t\t\n\t\t\tclass=\"so-widget-sow-editor so-widget-sow-editor-base\"\n\t\t\t\n\t\t>\n<div class=\"siteorigin-widget-tinymce textwidget\">\n\t<h2 style=\"color:#fff; margin-bottom: 0 !important\">170+<\/h2>\n<p style=\"color:#fff;\">Geschulte und zertifizierte Mitarbeiterv<\/p>\n<\/div>\n<\/div><\/div><\/div><\/div><\/div><div id=\"pg-w6931955474e0a-1\"  class=\"panel-grid panel-no-style\" ><div id=\"pgc-w6931955474e0a-1-0\"  class=\"panel-grid-cell\" ><div id=\"panel-w6931955474e0a-1-0-0\" class=\"so-panel widget widget_sow-editor panel-first-child panel-last-child\" data-index=\"1\" ><div class=\"panel-widget-style panel-widget-style-for-w6931955474e0a-1-0-0\" ><div\n\t\t\t\n\t\t\tclass=\"so-widget-sow-editor so-widget-sow-editor-base\"\n\t\t\t\n\t\t>\n<div class=\"siteorigin-widget-tinymce textwidget\">\n\t<p style=\"color:#fff; margin-top: 0 !important\">Alle unsere Schwei\u00dfer besitzen g\u00fcltige Schwei\u00dferzertifikate und wir verarbeiten alle Materialien, Durchmesser und St\u00e4rken. Unsere Mitarbeiter verf\u00fcgen \u00fcber gute Deutsch- und Englischkenntnisse.<\/p>\n<\/div>\n<\/div><\/div><\/div><\/div><\/div><\/div><\/div><\/div><\/div><div id=\"pgc-1368-4-1\"  class=\"panel-grid-cell\" ><div id=\"panel-1368-4-1-0\" class=\"so-panel widget widget_siteorigin-panels-builder panel-first-child\" data-index=\"8\" ><div class=\"panel-widget-style panel-widget-style-for-1368-4-1-0\" ><div id=\"pl-w69319554756e2\"  class=\"panel-layout\" ><div id=\"pg-w69319554756e2-0\"  class=\"panel-grid panel-no-style\" ><div id=\"pgc-w69319554756e2-0-0\"  class=\"panel-grid-cell panel-grid-cell-empty\" ><\/div><div id=\"pgc-w69319554756e2-0-1\"  class=\"panel-grid-cell\" ><div id=\"panel-w69319554756e2-0-1-0\" class=\"so-panel widget widget_sow-editor panel-first-child panel-last-child\" data-index=\"0\" ><div class=\"panel-widget-style panel-widget-style-for-w69319554756e2-0-1-0\" ><div\n\t\t\t\n\t\t\tclass=\"so-widget-sow-editor so-widget-sow-editor-base\"\n\t\t\t\n\t\t>\n<div class=\"siteorigin-widget-tinymce textwidget\">\n\t<h1 style=\"font-size: 9em; margin: 0px;\">10+<\/h1>\n<p>Langj\u00e4hrige Erfahrung in Projekten f\u00fcr ausl\u00e4ndische Kunden.<\/p>\n<\/div>\n<\/div><\/div><\/div><\/div><\/div><\/div><\/div><\/div><div id=\"panel-1368-4-1-1\" class=\"so-panel widget widget_siteorigin-panels-builder panel-last-child\" data-index=\"9\" ><div id=\"pl-w6931955475b8e\"  class=\"panel-layout\" ><div id=\"pg-w6931955475b8e-0\"  class=\"panel-grid panel-has-style\" ><div class=\"panel-row-style panel-row-style-for-w6931955475b8e-0\" ><div id=\"pgc-w6931955475b8e-0-0\"  class=\"panel-grid-cell\" ><div id=\"panel-w6931955475b8e-0-0-0\" class=\"so-panel widget widget_siteorigin-panels-builder panel-first-child panel-last-child\" data-index=\"0\" ><div id=\"pl-w6931955475b9f\"  class=\"panel-layout\" ><div id=\"pg-w6931955475b9f-0\"  class=\"panel-grid panel-has-style\" ><div class=\"panel-row-style panel-row-style-for-w6931955475b9f-0\" ><div id=\"pgc-w6931955475b9f-0-0\"  class=\"panel-grid-cell\" ><div id=\"panel-w6931955475b9f-0-0-0\" class=\"so-panel widget widget_sow-editor panel-first-child panel-last-child\" data-index=\"0\" ><div\n\t\t\t\n\t\t\tclass=\"so-widget-sow-editor so-widget-sow-editor-base\"\n\t\t\t\n\t\t>\n<div class=\"siteorigin-widget-tinymce textwidget\">\n\t<h2>400+<\/h2>\n<\/div>\n<\/div><\/div><\/div><div id=\"pgc-w6931955475b9f-0-1\"  class=\"panel-grid-cell\" ><div id=\"panel-w6931955475b9f-0-1-0\" class=\"so-panel widget widget_sow-editor panel-first-child panel-last-child\" data-index=\"1\" ><div\n\t\t\t\n\t\t\tclass=\"so-widget-sow-editor so-widget-sow-editor-base\"\n\t\t\t\n\t\t>\n<div class=\"siteorigin-widget-tinymce textwidget\">\n\t<p>Erfolgreich umgesetzte Projekte<\/p>\n<\/div>\n<\/div><\/div><\/div><\/div><\/div><div id=\"pg-w6931955475b9f-1\"  class=\"panel-grid panel-has-style\" ><div class=\"panel-row-style panel-row-style-for-w6931955475b9f-1\" ><div id=\"pgc-w6931955475b9f-1-0\"  class=\"panel-grid-cell\" ><div id=\"panel-w6931955475b9f-1-0-0\" class=\"so-panel widget widget_sow-editor panel-first-child panel-last-child\" data-index=\"2\" ><div\n\t\t\t\n\t\t\tclass=\"so-widget-sow-editor so-widget-sow-editor-base\"\n\t\t\t\n\t\t>\n<div class=\"siteorigin-widget-tinymce textwidget\">\n\t<h2>10+<\/h2>\n<\/div>\n<\/div><\/div><\/div><div id=\"pgc-w6931955475b9f-1-1\"  class=\"panel-grid-cell\" ><div id=\"panel-w6931955475b9f-1-1-0\" class=\"so-panel widget widget_sow-editor panel-first-child panel-last-child\" data-index=\"3\" ><div\n\t\t\t\n\t\t\tclass=\"so-widget-sow-editor so-widget-sow-editor-base\"\n\t\t\t\n\t\t>\n<div class=\"siteorigin-widget-tinymce textwidget\">\n\t<p>Abgedeckte Berufsfelder<\/p>\n<\/div>\n<\/div><\/div><\/div><\/div><\/div><div id=\"pg-w6931955475b9f-2\"  class=\"panel-grid panel-no-style\" ><div id=\"pgc-w6931955475b9f-2-0\"  class=\"panel-grid-cell\" ><div id=\"panel-w6931955475b9f-2-0-0\" class=\"so-panel widget widget_sow-editor panel-first-child panel-last-child\" data-index=\"4\" ><div\n\t\t\t\n\t\t\tclass=\"so-widget-sow-editor so-widget-sow-editor-base\"\n\t\t\t\n\t\t>\n<div class=\"siteorigin-widget-tinymce textwidget\">\n\t<h2>5<\/h2>\n<\/div>\n<\/div><\/div><\/div><div id=\"pgc-w6931955475b9f-2-1\"  class=\"panel-grid-cell\" ><div id=\"panel-w6931955475b9f-2-1-0\" class=\"so-panel widget widget_sow-editor panel-first-child panel-last-child\" data-index=\"5\" ><div\n\t\t\t\n\t\t\tclass=\"so-widget-sow-editor so-widget-sow-editor-base\"\n\t\t\t\n\t\t>\n<div class=\"siteorigin-widget-tinymce textwidget\">\n\t<p>L\u00e4nder, in denen wir t\u00e4tig sind<\/p>\n<\/div>\n<\/div><\/div><\/div><\/div><\/div><\/div><\/div><div id=\"pgc-w6931955475b8e-0-1\"  class=\"panel-grid-cell\" ><div id=\"panel-w6931955475b8e-0-1-0\" class=\"so-panel widget widget_sow-editor panel-first-child panel-last-child\" data-index=\"1\" ><div\n\t\t\t\n\t\t\tclass=\"so-widget-sow-editor so-widget-sow-editor-base\"\n\t\t\t\n\t\t>\n<div class=\"siteorigin-widget-tinymce textwidget\">\n\t<h4>Wir sind stolz darauf, umfassende L\u00f6sungen anzubieten, die auf die Bed\u00fcrfnisse unserer Kunden zugeschnitten sind.<\/h4>\n<p><a class=\"main-btn scroll\" href=\".\/kontakt\/#contact\">Ich bin interessiert.<\/a><\/p>\n<\/div>\n<\/div><\/div><\/div><\/div><\/div><\/div><\/div><\/div><\/div><\/div>","protected":false},"excerpt":{"rendered":"<p>So arbeiten wir Wir sind spezialisiert auf die hochpr\u00e4zise Bearbeitung von metallischen und nichtmetallischen Werkstoffen. Wir verwenden moderne CNC-Technologien, die Wiederholgenauigkeit, Pr\u00e4zision und Effizienz auch bei anspruchsvolleren Geometrien und hohen Produktionsvolumina gew\u00e4hrleisten.<\/p>\n","protected":false},"author":3,"featured_media":1370,"parent":0,"menu_order":0,"comment_status":"closed","ping_status":"closed","template":"","meta":{"_acf_changed":false,"inline_featured_image":false,"footnotes":""},"class_list":["post-1368","page","type-page","status-publish","has-post-thumbnail","hentry"],"acf":[],"_links":{"self":[{"href":"https:\/\/industrial.wauweb.sk\/de\/wp-json\/wp\/v2\/pages\/1368","targetHints":{"allow":["GET"]}}],"collection":[{"href":"https:\/\/industrial.wauweb.sk\/de\/wp-json\/wp\/v2\/pages"}],"about":[{"href":"https:\/\/industrial.wauweb.sk\/de\/wp-json\/wp\/v2\/types\/page"}],"author":[{"embeddable":true,"href":"https:\/\/industrial.wauweb.sk\/de\/wp-json\/wp\/v2\/users\/3"}],"replies":[{"embeddable":true,"href":"https:\/\/industrial.wauweb.sk\/de\/wp-json\/wp\/v2\/comments?post=1368"}],"version-history":[{"count":5,"href":"https:\/\/industrial.wauweb.sk\/de\/wp-json\/wp\/v2\/pages\/1368\/revisions"}],"predecessor-version":[{"id":1383,"href":"https:\/\/industrial.wauweb.sk\/de\/wp-json\/wp\/v2\/pages\/1368\/revisions\/1383"}],"wp:featuredmedia":[{"embeddable":true,"href":"https:\/\/industrial.wauweb.sk\/de\/wp-json\/wp\/v2\/media\/1370"}],"wp:attachment":[{"href":"https:\/\/industrial.wauweb.sk\/de\/wp-json\/wp\/v2\/media?parent=1368"}],"curies":[{"name":"wp","href":"https:\/\/api.w.org\/{rel}","templated":true}]}}