{"id":1101,"date":"2025-04-24T14:20:24","date_gmt":"2025-04-24T12:20:24","guid":{"rendered":"https:\/\/industrial.wauweb.sk\/contact\/"},"modified":"2025-12-04T14:43:28","modified_gmt":"2025-12-04T13:43:28","slug":"contact","status":"publish","type":"page","link":"https:\/\/industrial.wauweb.sk\/en\/contact\/","title":{"rendered":"Contact"},"content":{"rendered":"<div id=\"pl-1101\"  class=\"panel-layout\" ><div id=\"pg-1101-0\"  class=\"panel-grid panel-no-style\" ><div id=\"pgc-1101-0-0\"  class=\"panel-grid-cell\" ><div id=\"panel-1101-0-0-0\" class=\"so-panel widget widget_sow-editor panel-first-child\" data-index=\"0\" ><div\n\t\t\t\n\t\t\tclass=\"so-widget-sow-editor so-widget-sow-editor-base\"\n\t\t\t\n\t\t>\n<div class=\"siteorigin-widget-tinymce textwidget\">\n\t<p>Company Information<\/p>\n<p><strong>Industriemontage, s.r.o.<\/strong><br \/>Zeppelina 60069<br \/>934 01 Levice<\/p>\n<\/div>\n<\/div><\/div><div id=\"panel-1101-0-0-1\" class=\"so-panel widget widget_sow-editor panel-last-child\" data-index=\"1\" ><div\n\t\t\t\n\t\t\tclass=\"so-widget-sow-editor so-widget-sow-editor-base\"\n\t\t\t\n\t\t>\n<div class=\"siteorigin-widget-tinymce textwidget\">\n\t<p>Company ID: 47796430<br \/>Tax ID: 2024099374<br \/>VAT ID: SK2024099374<\/p>\n<\/div>\n<\/div><\/div><\/div><div id=\"pgc-1101-0-1\"  class=\"panel-grid-cell\" ><div id=\"panel-1101-0-1-0\" class=\"so-panel widget widget_sow-editor panel-first-child\" data-index=\"2\" ><div\n\t\t\t\n\t\t\tclass=\"so-widget-sow-editor so-widget-sow-editor-base\"\n\t\t\t\n\t\t>\n<div class=\"siteorigin-widget-tinymce textwidget\">\n\t<p>Contact, Price Quotes and Calculations<\/p>\n<h3><a class=\"tel\" href=\"tel:+421%20903%20149%20229\">+421 903 149 229<\/a><br \/><a class=\"email\" href=\"mailto:info@industriemontage.sk\">info@industriemontage.sk<\/a><\/h3>\n<\/div>\n<\/div><\/div><div id=\"panel-1101-0-1-1\" class=\"so-panel widget widget_sow-editor panel-last-child\" data-index=\"3\" ><div\n\t\t\t\n\t\t\tclass=\"so-widget-sow-editor so-widget-sow-editor-base\"\n\t\t\t\n\t\t>\n<div class=\"siteorigin-widget-tinymce textwidget\">\n\t<p><strong>Vladim\u00edra Chlepkov\u00e1 Be\u0148ov\u00e1<\/strong><br \/>(Human Resources Department)<br \/><a href=\"tel:+421903548107\">+421 903 548 107<\/a><\/p>\n<p>&nbsp;<\/p>\n<p>&nbsp;<\/p>\n<\/div>\n<\/div><\/div><\/div><div id=\"pgc-1101-0-2\"  class=\"panel-grid-cell\" ><div id=\"panel-1101-0-2-0\" class=\"so-panel widget widget_sow-editor panel-first-child panel-last-child\" data-index=\"4\" ><div\n\t\t\t\n\t\t\tclass=\"so-widget-sow-editor so-widget-sow-editor-base\"\n\t\t\t\n\t\t>\n<div class=\"siteorigin-widget-tinymce textwidget\">\n\t<div style=\"width: 100%\"><iframe loading=\"lazy\" width=\"100%\" height=\"400\" frameborder=\"0\" scrolling=\"no\" marginheight=\"0\" marginwidth=\"0\" src=\"https:\/\/maps.google.com\/maps?width=100%25&amp;height=400&amp;hl=en&amp;q=Industriemontage,%20s.r.o.%20Zeppelina%206006%5C9%20934%2001%20Levice,+()&amp;t=&amp;z=14&amp;ie=UTF8&amp;iwloc=B&amp;output=embed\"><\/iframe><\/div>\n<\/div>\n<\/div><\/div><\/div><\/div><\/div>","protected":false},"excerpt":{"rendered":"<p>Company Information Industriemontage, s.r.o.Zeppelina 60069934 01 Levice Company ID: 47796430Tax ID: 2024099374VAT ID: SK2024099374 Contact, Price Quotes and Calculations +421 903 149 229info@industriemontage.sk Vladim\u00edra Chlepkov\u00e1 Be\u0148ov\u00e1(Human Resources Department)+421 903 548 107 &nbsp; &nbsp;<\/p>\n","protected":false},"author":3,"featured_media":1094,"parent":0,"menu_order":0,"comment_status":"closed","ping_status":"closed","template":"","meta":{"_acf_changed":false,"inline_featured_image":false,"footnotes":""},"class_list":["post-1101","page","type-page","status-publish","has-post-thumbnail","hentry"],"acf":[],"_links":{"self":[{"href":"https:\/\/industrial.wauweb.sk\/en\/wp-json\/wp\/v2\/pages\/1101","targetHints":{"allow":["GET"]}}],"collection":[{"href":"https:\/\/industrial.wauweb.sk\/en\/wp-json\/wp\/v2\/pages"}],"about":[{"href":"https:\/\/industrial.wauweb.sk\/en\/wp-json\/wp\/v2\/types\/page"}],"author":[{"embeddable":true,"href":"https:\/\/industrial.wauweb.sk\/en\/wp-json\/wp\/v2\/users\/3"}],"replies":[{"embeddable":true,"href":"https:\/\/industrial.wauweb.sk\/en\/wp-json\/wp\/v2\/comments?post=1101"}],"version-history":[{"count":2,"href":"https:\/\/industrial.wauweb.sk\/en\/wp-json\/wp\/v2\/pages\/1101\/revisions"}],"predecessor-version":[{"id":1103,"href":"https:\/\/industrial.wauweb.sk\/en\/wp-json\/wp\/v2\/pages\/1101\/revisions\/1103"}],"wp:featuredmedia":[{"embeddable":true,"href":"https:\/\/industrial.wauweb.sk\/en\/wp-json\/wp\/v2\/media\/1094"}],"wp:attachment":[{"href":"https:\/\/industrial.wauweb.sk\/en\/wp-json\/wp\/v2\/media?parent=1101"}],"curies":[{"name":"wp","href":"https:\/\/api.w.org\/{rel}","templated":true}]}}